{"id":238,"date":"2021-12-13T11:23:00","date_gmt":"2021-12-13T10:23:00","guid":{"rendered":"https:\/\/wp.feuerwehr-halberbracht.de\/?page_id=238"},"modified":"2021-12-13T22:19:12","modified_gmt":"2021-12-13T21:19:12","slug":"foerderverein","status":"publish","type":"page","link":"https:\/\/www.feuerwehr-halberbracht.de\/?page_id=238","title":{"rendered":"F\u00f6rderverein"},"content":{"rendered":"<p><span style=\"color: #000000;\">Sehr geehrte Halberbrachter B\u00fcrger,<\/span><\/p>\n<p><span style=\"color: #000000;\">sehr gerne h\u00e4tten wir das neue Jahr angesungen und w\u00e4ren von Haus zu Haus gezogen um einen Obolus zu sammeln und pers\u00f6nlich ein &#8222;frohes neues Jahr&#8220; zu w\u00fcnschen.<\/span><\/p>\n<p><span style=\"color: #000000;\">Leider wird dies auch in diesem Jahr nur ein Wunsch bleiben. Zu hoch sind die Zahlen in der Pandemie und die Gesundheit der Kameraden und aller B\u00fcrger hat hier oberste Priorit\u00e4t.<\/span><\/p>\n<p><span style=\"color: #000000;\">Den allseits beliebten Jahreskalender mit den Veranstaltungen der \u00f6rtlichen Vereine wird es dennoch geben. Dieser wird mit der Zeitung verteilt.<\/span><\/p>\n<p><span style=\"color: #000000;\">Die L\u00f6schgruppe Halberbracht wird leider erst in 5 Jahren das n\u00e4chste Neujahrsansingen durchf\u00fchren k\u00f6nnen. Um den nicht unerheblichen finanziellen Ausfall aufzufangen, stellen wir in den n\u00e4chsten Tagen eine Spendendose in der Metzgerei Eickhoff auf und freuen uns \u00fcber jede kleine Spende.<\/span><\/p>\n<p>\u00a0<\/p>\n<p><span style=\"color: #000000;\">Gerne k\u00f6nnen Sie uns auch unter der folgenden Kontonummer eine Einmalspende zukommen lassen<\/span><\/p>\n<h3><span style=\"color: #000000;\"><strong>DE46 4606 2817 4328 8104 10<\/strong><\/span><\/h3>\n<p>\u00a0<\/p>\n<p><span style=\"color: #000000;\">Im Anhang finden Sie unsere Beitrittserkl\u00e4rung falls Sie uns l\u00e4nger unterst\u00fctzen wollen.<\/span><\/p>\n\n\n<div data-wp-interactive=\"core\/file\" class=\"wp-block-file\"><object data-wp-bind--hidden=\"!state.hasPdfPreview\" hidden class=\"wp-block-file__embed\" data=\"https:\/\/www.feuerwehr-halberbracht.de\/wp-content\/uploads\/2021\/12\/Beitrittserklaerung2019.pdf\" type=\"application\/pdf\" style=\"width:100%;height:600px\" aria-label=\"Einbettung von Einbettung von Beitrittserkl\u00e4rung..\"><\/object><a href=\"https:\/\/www.feuerwehr-halberbracht.de\/wp-content\/uploads\/2021\/12\/Beitrittserklaerung2019.pdf\">Beitrittserkl\u00e4rung<\/a><a href=\"https:\/\/www.feuerwehr-halberbracht.de\/wp-content\/uploads\/2021\/12\/Beitrittserklaerung2019.pdf\" class=\"wp-block-file__button\" download>Herunterladen<\/a><\/div>\n\n\n<p><span style=\"color: #000000;\">Der F\u00f6rderverein ist unter <strong>foerderverein(at)feuerwehr-halberbracht.de<\/strong> erreichbar<\/span><\/p>","protected":false},"excerpt":{"rendered":"<p>Sehr geehrte Halberbrachter B\u00fcrger, sehr gerne h\u00e4tten wir das neue Jahr angesungen und w\u00e4ren von Haus zu Haus gezogen um einen Obolus zu sammeln und pers\u00f6nlich ein &#8222;frohes neues Jahr&#8220; [&hellip;]<\/p>\n","protected":false},"author":2,"featured_media":0,"parent":0,"menu_order":0,"comment_status":"closed","ping_status":"closed","template":"","meta":{"_acf_changed":false,"_EventAllDay":false,"_EventTimezone":"","_EventStartDate":"","_EventEndDate":"","_EventStartDateUTC":"","_EventEndDateUTC":"","_EventShowMap":false,"_EventShowMapLink":false,"_EventURL":"","_EventCost":"","_EventCostDescription":"","_EventCurrencySymbol":"","_EventCurrencyCode":"","_EventCurrencyPosition":"","_EventDateTimeSeparator":"","_EventTimeRangeSeparator":"","_EventOrganizerID":[],"_EventVenueID":[],"_OrganizerEmail":"","_OrganizerPhone":"","_OrganizerWebsite":"","_VenueAddress":"","_VenueCity":"","_VenueCountry":"","_VenueProvince":"","_VenueState":"","_VenueZip":"","_VenuePhone":"","_VenueURL":"","_VenueStateProvince":"","_VenueLat":"","_VenueLng":"","_VenueShowMap":false,"_VenueShowMapLink":false,"footnotes":""},"class_list":["post-238","page","type-page","status-publish","hentry"],"acf":[],"jetpack_sharing_enabled":true,"_links":{"self":[{"href":"https:\/\/www.feuerwehr-halberbracht.de\/index.php?rest_route=\/wp\/v2\/pages\/238","targetHints":{"allow":["GET"]}}],"collection":[{"href":"https:\/\/www.feuerwehr-halberbracht.de\/index.php?rest_route=\/wp\/v2\/pages"}],"about":[{"href":"https:\/\/www.feuerwehr-halberbracht.de\/index.php?rest_route=\/wp\/v2\/types\/page"}],"author":[{"embeddable":true,"href":"https:\/\/www.feuerwehr-halberbracht.de\/index.php?rest_route=\/wp\/v2\/users\/2"}],"replies":[{"embeddable":true,"href":"https:\/\/www.feuerwehr-halberbracht.de\/index.php?rest_route=%2Fwp%2Fv2%2Fcomments&post=238"}],"version-history":[{"count":17,"href":"https:\/\/www.feuerwehr-halberbracht.de\/index.php?rest_route=\/wp\/v2\/pages\/238\/revisions"}],"predecessor-version":[{"id":312,"href":"https:\/\/www.feuerwehr-halberbracht.de\/index.php?rest_route=\/wp\/v2\/pages\/238\/revisions\/312"}],"wp:attachment":[{"href":"https:\/\/www.feuerwehr-halberbracht.de\/index.php?rest_route=%2Fwp%2Fv2%2Fmedia&parent=238"}],"curies":[{"name":"wp","href":"https:\/\/api.w.org\/{rel}","templated":true}]}}